{"id":2,"date":"2015-10-06T17:33:38","date_gmt":"2015-10-06T20:33:38","guid":{"rendered":"http:\/\/localhost\/mega-g\/?page_id=2"},"modified":"2020-08-25T10:56:39","modified_gmt":"2020-08-25T13:56:39","slug":"quem-somos","status":"publish","type":"page","link":"https:\/\/megag.com.br\/espaco-fornecedores\/quem-somos\/","title":{"rendered":"Empresa"},"content":{"rendered":"<p>Nossa empresa foi fundada em mar\u00e7o de 2005 e desde ent\u00e3o se dedica a atender com qualidade e compet\u00eancia diversos segmentos do Food Service.<\/p>\n<p>Estamos focados em manter parcerias importantes a fim de garantir sempre os melhores pre\u00e7os e alcan\u00e7ar a excel\u00eancia em qualidade e dessa forma nos destacarmos como empresa atacadista distribuidora de alimentos.<\/p>\n<p>Oferecemos mais de 2.000 produtos de marcas conceituadas no mercado e uma linha especial de marcas pr\u00f3prias para o consumo em: Pizzarias, Padarias, Churrascarias, Hot\u00e9is, Restaurantes, Mercados, Cozinhas Industriais, entre outros.<\/p>\n<p><strong>Miss\u00e3o<\/strong><br \/>\nNosso foco consiste em atender bem, oferecer produtos e servi\u00e7os de qualidade. Contamos com uma estrutura diferenciada e profissionais qualificados que garantem a efici\u00eancia no atendimento e nas entregas de nossos produtos.<\/p>\n<p><strong>Vis\u00e3o<\/strong><br \/>\nNossa meta \u00e9 focar na valoriza\u00e7\u00e3o de parcerias, no apoio e crescimento de nossos clientes e colaboradores. Visamos a excel\u00eancia para sermos reconhecidos por nossa qualidade, empenho e comprometimento.<\/p>\n<p><strong>Valores<\/strong><br \/>\nResponsabilidade, Comprometimento, Crescimento e Realiza\u00e7\u00e3o.<\/p>\n","protected":false},"excerpt":{"rendered":"<p>Nossa empresa foi fundada em mar\u00e7o de 2005 e desde ent\u00e3o se dedica a atender com qualidade e compet\u00eancia diversos segmentos do Food Service. Estamos focados em manter parcerias importantes a fim de garantir sempre os melhores pre\u00e7os e alcan\u00e7ar a excel\u00eancia em qualidade e dessa forma nos destacarmos como empresa atacadista distribuidora de alimentos. [&hellip;]<\/p>\n","protected":false},"author":1,"featured_media":0,"parent":0,"menu_order":0,"comment_status":"closed","ping_status":"closed","template":"page-empresa-nova.php","meta":[],"yoast_head":"<!-- This site is optimized with the Yoast SEO plugin v17.0 - https:\/\/yoast.com\/wordpress\/plugins\/seo\/ -->\n<meta name=\"robots\" content=\"noindex, follow, max-snippet:-1, max-image-preview:large, max-video-preview:-1\" \/>\n<meta property=\"og:locale\" content=\"pt_BR\" \/>\n<meta property=\"og:type\" content=\"article\" \/>\n<meta property=\"og:title\" content=\"Empresa - MegaG\" \/>\n<meta property=\"og:description\" content=\"Nossa empresa foi fundada em mar\u00e7o de 2005 e desde ent\u00e3o se dedica a atender com qualidade e compet\u00eancia diversos segmentos do Food Service. Estamos focados em manter parcerias importantes a fim de garantir sempre os melhores pre\u00e7os e alcan\u00e7ar a excel\u00eancia em qualidade e dessa forma nos destacarmos como empresa atacadista distribuidora de alimentos. [&hellip;]\" \/>\n<meta property=\"og:url\" content=\"https:\/\/megag.com.br\/espaco-fornecedores\/quem-somos\/\" \/>\n<meta property=\"og:site_name\" content=\"MegaG\" \/>\n<meta property=\"article:modified_time\" content=\"2020-08-25T13:56:39+00:00\" \/>\n<meta name=\"twitter:card\" content=\"summary_large_image\" \/>\n<meta name=\"twitter:label1\" content=\"Est. tempo de leitura\" \/>\n\t<meta name=\"twitter:data1\" content=\"1 minuto\" \/>\n<script type=\"application\/ld+json\" class=\"yoast-schema-graph\">{\"@context\":\"https:\/\/schema.org\",\"@graph\":[{\"@type\":\"WebSite\",\"@id\":\"https:\/\/megag.com.br\/espaco-fornecedores\/#website\",\"url\":\"https:\/\/megag.com.br\/espaco-fornecedores\/\",\"name\":\"MegaG\",\"description\":\"Distribuidora de Alimentos\",\"potentialAction\":[{\"@type\":\"SearchAction\",\"target\":{\"@type\":\"EntryPoint\",\"urlTemplate\":\"https:\/\/megag.com.br\/espaco-fornecedores\/?s={search_term_string}\"},\"query-input\":\"required name=search_term_string\"}],\"inLanguage\":\"pt-BR\"},{\"@type\":\"WebPage\",\"@id\":\"https:\/\/megag.com.br\/espaco-fornecedores\/quem-somos\/#webpage\",\"url\":\"https:\/\/megag.com.br\/espaco-fornecedores\/quem-somos\/\",\"name\":\"Empresa - MegaG\",\"isPartOf\":{\"@id\":\"https:\/\/megag.com.br\/espaco-fornecedores\/#website\"},\"datePublished\":\"2015-10-06T20:33:38+00:00\",\"dateModified\":\"2020-08-25T13:56:39+00:00\",\"breadcrumb\":{\"@id\":\"https:\/\/megag.com.br\/espaco-fornecedores\/quem-somos\/#breadcrumb\"},\"inLanguage\":\"pt-BR\",\"potentialAction\":[{\"@type\":\"ReadAction\",\"target\":[\"https:\/\/megag.com.br\/espaco-fornecedores\/quem-somos\/\"]}]},{\"@type\":\"BreadcrumbList\",\"@id\":\"https:\/\/megag.com.br\/espaco-fornecedores\/quem-somos\/#breadcrumb\",\"itemListElement\":[{\"@type\":\"ListItem\",\"position\":1,\"name\":\"In\\u00edcio\",\"item\":\"https:\/\/megag.com.br\/espaco-fornecedores\/\"},{\"@type\":\"ListItem\",\"position\":2,\"name\":\"Empresa\"}]}]}<\/script>\n<!-- \/ Yoast SEO plugin. -->","yoast_head_json":{"robots":{"index":"noindex","follow":"follow","max-snippet":"max-snippet:-1","max-image-preview":"max-image-preview:large","max-video-preview":"max-video-preview:-1"},"og_locale":"pt_BR","og_type":"article","og_title":"Empresa - MegaG","og_description":"Nossa empresa foi fundada em mar\u00e7o de 2005 e desde ent\u00e3o se dedica a atender com qualidade e compet\u00eancia diversos segmentos do Food Service. Estamos focados em manter parcerias importantes a fim de garantir sempre os melhores pre\u00e7os e alcan\u00e7ar a excel\u00eancia em qualidade e dessa forma nos destacarmos como empresa atacadista distribuidora de alimentos. [&hellip;]","og_url":"https:\/\/megag.com.br\/espaco-fornecedores\/quem-somos\/","og_site_name":"MegaG","article_modified_time":"2020-08-25T13:56:39+00:00","twitter_card":"summary_large_image","twitter_misc":{"Est. tempo de leitura":"1 minuto"},"schema":{"@context":"https:\/\/schema.org","@graph":[{"@type":"WebSite","@id":"https:\/\/megag.com.br\/espaco-fornecedores\/#website","url":"https:\/\/megag.com.br\/espaco-fornecedores\/","name":"MegaG","description":"Distribuidora de Alimentos","potentialAction":[{"@type":"SearchAction","target":{"@type":"EntryPoint","urlTemplate":"https:\/\/megag.com.br\/espaco-fornecedores\/?s={search_term_string}"},"query-input":"required name=search_term_string"}],"inLanguage":"pt-BR"},{"@type":"WebPage","@id":"https:\/\/megag.com.br\/espaco-fornecedores\/quem-somos\/#webpage","url":"https:\/\/megag.com.br\/espaco-fornecedores\/quem-somos\/","name":"Empresa - MegaG","isPartOf":{"@id":"https:\/\/megag.com.br\/espaco-fornecedores\/#website"},"datePublished":"2015-10-06T20:33:38+00:00","dateModified":"2020-08-25T13:56:39+00:00","breadcrumb":{"@id":"https:\/\/megag.com.br\/espaco-fornecedores\/quem-somos\/#breadcrumb"},"inLanguage":"pt-BR","potentialAction":[{"@type":"ReadAction","target":["https:\/\/megag.com.br\/espaco-fornecedores\/quem-somos\/"]}]},{"@type":"BreadcrumbList","@id":"https:\/\/megag.com.br\/espaco-fornecedores\/quem-somos\/#breadcrumb","itemListElement":[{"@type":"ListItem","position":1,"name":"In\u00edcio","item":"https:\/\/megag.com.br\/espaco-fornecedores\/"},{"@type":"ListItem","position":2,"name":"Empresa"}]}]}},"_links":{"self":[{"href":"https:\/\/megag.com.br\/espaco-fornecedores\/wp-json\/wp\/v2\/pages\/2"}],"collection":[{"href":"https:\/\/megag.com.br\/espaco-fornecedores\/wp-json\/wp\/v2\/pages"}],"about":[{"href":"https:\/\/megag.com.br\/espaco-fornecedores\/wp-json\/wp\/v2\/types\/page"}],"author":[{"embeddable":true,"href":"https:\/\/megag.com.br\/espaco-fornecedores\/wp-json\/wp\/v2\/users\/1"}],"replies":[{"embeddable":true,"href":"https:\/\/megag.com.br\/espaco-fornecedores\/wp-json\/wp\/v2\/comments?post=2"}],"version-history":[{"count":2,"href":"https:\/\/megag.com.br\/espaco-fornecedores\/wp-json\/wp\/v2\/pages\/2\/revisions"}],"predecessor-version":[{"id":89308,"href":"https:\/\/megag.com.br\/espaco-fornecedores\/wp-json\/wp\/v2\/pages\/2\/revisions\/89308"}],"wp:attachment":[{"href":"https:\/\/megag.com.br\/espaco-fornecedores\/wp-json\/wp\/v2\/media?parent=2"}],"curies":[{"name":"wp","href":"https:\/\/api.w.org\/{rel}","templated":true}]}}