{"id":21016,"date":"2015-10-13T15:50:33","date_gmt":"2015-10-13T15:50:33","guid":{"rendered":"http:\/\/localhost\/mega-g\/?page_id=21016"},"modified":"2020-10-06T10:01:46","modified_gmt":"2020-10-06T13:01:46","slug":"entregas","status":"publish","type":"page","link":"https:\/\/megag.com.br\/espaco-fornecedores\/quem-somos\/entregas\/","title":{"rendered":"Entregas"},"content":{"rendered":"<h3>Log\u00edstica e Armazenamento<\/h3>\n<p>Temos uma frota com mais de 200 ve\u00edculos todos devidamente adesivados, rastreados e equipados com aparelhos de refrigera\u00e7\u00e3o onde o controle de temperatura e movimenta\u00e7\u00e3o \u00e9 feito online, por funcion\u00e1rios devidamente treinados. E todos os carros possuem m\u00e1quinas de cart\u00e3o de cr\u00e9dito para agilizar os pagamentos durante as entregas.<\/p>\n<p>&nbsp;<\/p>\n","protected":false},"excerpt":{"rendered":"<p>Log\u00edstica e Armazenamento Temos uma frota com mais de 200 ve\u00edculos todos devidamente adesivados, rastreados e equipados com aparelhos de refrigera\u00e7\u00e3o onde o controle de temperatura e movimenta\u00e7\u00e3o \u00e9 feito online, por funcion\u00e1rios devidamente treinados. E todos os carros possuem m\u00e1quinas de cart\u00e3o de cr\u00e9dito para agilizar os pagamentos durante as entregas. &nbsp;<\/p>\n","protected":false},"author":1,"featured_media":21017,"parent":2,"menu_order":0,"comment_status":"closed","ping_status":"closed","template":"page-entregas-nova.php","meta":[],"yoast_head":"<!-- This site is optimized with the Yoast SEO plugin v17.0 - https:\/\/yoast.com\/wordpress\/plugins\/seo\/ -->\n<meta name=\"robots\" content=\"noindex, follow, max-snippet:-1, max-image-preview:large, max-video-preview:-1\" \/>\n<meta property=\"og:locale\" content=\"pt_BR\" \/>\n<meta property=\"og:type\" content=\"article\" \/>\n<meta property=\"og:title\" content=\"Entregas - MegaG\" \/>\n<meta property=\"og:description\" content=\"Log\u00edstica e Armazenamento Temos uma frota com mais de 200 ve\u00edculos todos devidamente adesivados, rastreados e equipados com aparelhos de refrigera\u00e7\u00e3o onde o controle de temperatura e movimenta\u00e7\u00e3o \u00e9 feito online, por funcion\u00e1rios devidamente treinados. E todos os carros possuem m\u00e1quinas de cart\u00e3o de cr\u00e9dito para agilizar os pagamentos durante as entregas. &nbsp;\" \/>\n<meta property=\"og:url\" content=\"https:\/\/megag.com.br\/espaco-fornecedores\/quem-somos\/entregas\/\" \/>\n<meta property=\"og:site_name\" content=\"MegaG\" \/>\n<meta property=\"article:modified_time\" content=\"2020-10-06T13:01:46+00:00\" \/>\n<meta property=\"og:image\" content=\"https:\/\/megag.com.br\/wp-content\/uploads\/2015\/10\/topo-entregas.jpg\" \/>\n\t<meta property=\"og:image:width\" content=\"1024\" \/>\n\t<meta property=\"og:image:height\" content=\"144\" \/>\n<meta name=\"twitter:card\" content=\"summary_large_image\" \/>\n<script type=\"application\/ld+json\" class=\"yoast-schema-graph\">{\"@context\":\"https:\/\/schema.org\",\"@graph\":[{\"@type\":\"WebSite\",\"@id\":\"https:\/\/megag.com.br\/espaco-fornecedores\/#website\",\"url\":\"https:\/\/megag.com.br\/espaco-fornecedores\/\",\"name\":\"MegaG\",\"description\":\"Distribuidora de Alimentos\",\"potentialAction\":[{\"@type\":\"SearchAction\",\"target\":{\"@type\":\"EntryPoint\",\"urlTemplate\":\"https:\/\/megag.com.br\/espaco-fornecedores\/?s={search_term_string}\"},\"query-input\":\"required name=search_term_string\"}],\"inLanguage\":\"pt-BR\"},{\"@type\":\"ImageObject\",\"@id\":\"https:\/\/megag.com.br\/espaco-fornecedores\/quem-somos\/entregas\/#primaryimage\",\"inLanguage\":\"pt-BR\",\"url\":\"https:\/\/megag.com.br\/espaco-fornecedores\/wp-content\/uploads\/2015\/10\/topo-entregas.jpg\",\"contentUrl\":\"https:\/\/megag.com.br\/espaco-fornecedores\/wp-content\/uploads\/2015\/10\/topo-entregas.jpg\",\"width\":1024,\"height\":144},{\"@type\":\"WebPage\",\"@id\":\"https:\/\/megag.com.br\/espaco-fornecedores\/quem-somos\/entregas\/#webpage\",\"url\":\"https:\/\/megag.com.br\/espaco-fornecedores\/quem-somos\/entregas\/\",\"name\":\"Entregas - MegaG\",\"isPartOf\":{\"@id\":\"https:\/\/megag.com.br\/espaco-fornecedores\/#website\"},\"primaryImageOfPage\":{\"@id\":\"https:\/\/megag.com.br\/espaco-fornecedores\/quem-somos\/entregas\/#primaryimage\"},\"datePublished\":\"2015-10-13T15:50:33+00:00\",\"dateModified\":\"2020-10-06T13:01:46+00:00\",\"breadcrumb\":{\"@id\":\"https:\/\/megag.com.br\/espaco-fornecedores\/quem-somos\/entregas\/#breadcrumb\"},\"inLanguage\":\"pt-BR\",\"potentialAction\":[{\"@type\":\"ReadAction\",\"target\":[\"https:\/\/megag.com.br\/espaco-fornecedores\/quem-somos\/entregas\/\"]}]},{\"@type\":\"BreadcrumbList\",\"@id\":\"https:\/\/megag.com.br\/espaco-fornecedores\/quem-somos\/entregas\/#breadcrumb\",\"itemListElement\":[{\"@type\":\"ListItem\",\"position\":1,\"name\":\"In\\u00edcio\",\"item\":\"https:\/\/megag.com.br\/espaco-fornecedores\/\"},{\"@type\":\"ListItem\",\"position\":2,\"name\":\"Empresa\",\"item\":\"https:\/\/megag.com.br\/espaco-fornecedores\/quem-somos\/\"},{\"@type\":\"ListItem\",\"position\":3,\"name\":\"Entregas\"}]}]}<\/script>\n<!-- \/ Yoast SEO plugin. -->","yoast_head_json":{"robots":{"index":"noindex","follow":"follow","max-snippet":"max-snippet:-1","max-image-preview":"max-image-preview:large","max-video-preview":"max-video-preview:-1"},"og_locale":"pt_BR","og_type":"article","og_title":"Entregas - MegaG","og_description":"Log\u00edstica e Armazenamento Temos uma frota com mais de 200 ve\u00edculos todos devidamente adesivados, rastreados e equipados com aparelhos de refrigera\u00e7\u00e3o onde o controle de temperatura e movimenta\u00e7\u00e3o \u00e9 feito online, por funcion\u00e1rios devidamente treinados. E todos os carros possuem m\u00e1quinas de cart\u00e3o de cr\u00e9dito para agilizar os pagamentos durante as entregas. &nbsp;","og_url":"https:\/\/megag.com.br\/espaco-fornecedores\/quem-somos\/entregas\/","og_site_name":"MegaG","article_modified_time":"2020-10-06T13:01:46+00:00","og_image":[{"width":1024,"height":144,"url":"https:\/\/megag.com.br\/wp-content\/uploads\/2015\/10\/topo-entregas.jpg","path":"\/var\/www\/vhosts\/megag.com.br\/httpdocs\/wp-content\/uploads\/2015\/10\/topo-entregas.jpg","size":"full","id":21017,"alt":"","pixels":147456,"type":"image\/jpeg"}],"twitter_card":"summary_large_image","schema":{"@context":"https:\/\/schema.org","@graph":[{"@type":"WebSite","@id":"https:\/\/megag.com.br\/espaco-fornecedores\/#website","url":"https:\/\/megag.com.br\/espaco-fornecedores\/","name":"MegaG","description":"Distribuidora de Alimentos","potentialAction":[{"@type":"SearchAction","target":{"@type":"EntryPoint","urlTemplate":"https:\/\/megag.com.br\/espaco-fornecedores\/?s={search_term_string}"},"query-input":"required name=search_term_string"}],"inLanguage":"pt-BR"},{"@type":"ImageObject","@id":"https:\/\/megag.com.br\/espaco-fornecedores\/quem-somos\/entregas\/#primaryimage","inLanguage":"pt-BR","url":"https:\/\/megag.com.br\/espaco-fornecedores\/wp-content\/uploads\/2015\/10\/topo-entregas.jpg","contentUrl":"https:\/\/megag.com.br\/espaco-fornecedores\/wp-content\/uploads\/2015\/10\/topo-entregas.jpg","width":1024,"height":144},{"@type":"WebPage","@id":"https:\/\/megag.com.br\/espaco-fornecedores\/quem-somos\/entregas\/#webpage","url":"https:\/\/megag.com.br\/espaco-fornecedores\/quem-somos\/entregas\/","name":"Entregas - MegaG","isPartOf":{"@id":"https:\/\/megag.com.br\/espaco-fornecedores\/#website"},"primaryImageOfPage":{"@id":"https:\/\/megag.com.br\/espaco-fornecedores\/quem-somos\/entregas\/#primaryimage"},"datePublished":"2015-10-13T15:50:33+00:00","dateModified":"2020-10-06T13:01:46+00:00","breadcrumb":{"@id":"https:\/\/megag.com.br\/espaco-fornecedores\/quem-somos\/entregas\/#breadcrumb"},"inLanguage":"pt-BR","potentialAction":[{"@type":"ReadAction","target":["https:\/\/megag.com.br\/espaco-fornecedores\/quem-somos\/entregas\/"]}]},{"@type":"BreadcrumbList","@id":"https:\/\/megag.com.br\/espaco-fornecedores\/quem-somos\/entregas\/#breadcrumb","itemListElement":[{"@type":"ListItem","position":1,"name":"In\u00edcio","item":"https:\/\/megag.com.br\/espaco-fornecedores\/"},{"@type":"ListItem","position":2,"name":"Empresa","item":"https:\/\/megag.com.br\/espaco-fornecedores\/quem-somos\/"},{"@type":"ListItem","position":3,"name":"Entregas"}]}]}},"_links":{"self":[{"href":"https:\/\/megag.com.br\/espaco-fornecedores\/wp-json\/wp\/v2\/pages\/21016"}],"collection":[{"href":"https:\/\/megag.com.br\/espaco-fornecedores\/wp-json\/wp\/v2\/pages"}],"about":[{"href":"https:\/\/megag.com.br\/espaco-fornecedores\/wp-json\/wp\/v2\/types\/page"}],"author":[{"embeddable":true,"href":"https:\/\/megag.com.br\/espaco-fornecedores\/wp-json\/wp\/v2\/users\/1"}],"replies":[{"embeddable":true,"href":"https:\/\/megag.com.br\/espaco-fornecedores\/wp-json\/wp\/v2\/comments?post=21016"}],"version-history":[{"count":5,"href":"https:\/\/megag.com.br\/espaco-fornecedores\/wp-json\/wp\/v2\/pages\/21016\/revisions"}],"predecessor-version":[{"id":91154,"href":"https:\/\/megag.com.br\/espaco-fornecedores\/wp-json\/wp\/v2\/pages\/21016\/revisions\/91154"}],"up":[{"embeddable":true,"href":"https:\/\/megag.com.br\/espaco-fornecedores\/wp-json\/wp\/v2\/pages\/2"}],"wp:featuredmedia":[{"embeddable":true,"href":"https:\/\/megag.com.br\/espaco-fornecedores\/wp-json\/wp\/v2\/media\/21017"}],"wp:attachment":[{"href":"https:\/\/megag.com.br\/espaco-fornecedores\/wp-json\/wp\/v2\/media?parent=21016"}],"curies":[{"name":"wp","href":"https:\/\/api.w.org\/{rel}","templated":true}]}}