{"id":21211,"date":"2015-10-26T07:18:12","date_gmt":"2015-10-26T07:18:12","guid":{"rendered":"http:\/\/localhost\/mega-g\/?page_id=21211"},"modified":"2016-01-29T20:10:18","modified_gmt":"2016-01-29T20:10:18","slug":"sac","status":"publish","type":"page","link":"https:\/\/megag.com.br\/espaco-fornecedores\/contato\/sac\/","title":{"rendered":"SAC"},"content":{"rendered":"<p>Nossa equipe preza pela qualidade em nossos atendimentos e por esse motivo disponibilizamos um servi\u00e7o de p\u00f3s-vendas, no qual \u00e9 poss\u00edvel solucionar problemas e sanar d\u00favidas sobre entregas ou produtos adquiridos na MegaG.<\/p>\n","protected":false},"excerpt":{"rendered":"<p>Nossa equipe preza pela qualidade em nossos atendimentos e por esse motivo disponibilizamos um servi\u00e7o de p\u00f3s-vendas, no qual \u00e9 poss\u00edvel solucionar problemas e sanar d\u00favidas sobre entregas ou produtos adquiridos na MegaG.<\/p>\n","protected":false},"author":1,"featured_media":21278,"parent":21189,"menu_order":0,"comment_status":"closed","ping_status":"closed","template":"page-sac.php","meta":[],"yoast_head":"<!-- This site is optimized with the Yoast SEO plugin v17.0 - https:\/\/yoast.com\/wordpress\/plugins\/seo\/ -->\n<meta name=\"robots\" content=\"noindex, follow, max-snippet:-1, max-image-preview:large, max-video-preview:-1\" \/>\n<meta property=\"og:locale\" content=\"pt_BR\" \/>\n<meta property=\"og:type\" content=\"article\" \/>\n<meta property=\"og:title\" content=\"SAC - MegaG\" \/>\n<meta property=\"og:description\" content=\"Nossa equipe preza pela qualidade em nossos atendimentos e por esse motivo disponibilizamos um servi\u00e7o de p\u00f3s-vendas, no qual \u00e9 poss\u00edvel solucionar problemas e sanar d\u00favidas sobre entregas ou produtos adquiridos na MegaG.\" \/>\n<meta property=\"og:url\" content=\"https:\/\/megag.com.br\/espaco-fornecedores\/contato\/sac\/\" \/>\n<meta property=\"og:site_name\" content=\"MegaG\" \/>\n<meta property=\"article:modified_time\" content=\"2016-01-29T20:10:18+00:00\" \/>\n<meta property=\"og:image\" content=\"https:\/\/megag.com.br\/wp-content\/uploads\/2015\/10\/representante.jpg\" \/>\n\t<meta property=\"og:image:width\" content=\"448\" \/>\n\t<meta property=\"og:image:height\" content=\"352\" \/>\n<meta name=\"twitter:card\" content=\"summary_large_image\" \/>\n<script type=\"application\/ld+json\" class=\"yoast-schema-graph\">{\"@context\":\"https:\/\/schema.org\",\"@graph\":[{\"@type\":\"WebSite\",\"@id\":\"https:\/\/megag.com.br\/espaco-fornecedores\/#website\",\"url\":\"https:\/\/megag.com.br\/espaco-fornecedores\/\",\"name\":\"MegaG\",\"description\":\"Distribuidora de Alimentos\",\"potentialAction\":[{\"@type\":\"SearchAction\",\"target\":{\"@type\":\"EntryPoint\",\"urlTemplate\":\"https:\/\/megag.com.br\/espaco-fornecedores\/?s={search_term_string}\"},\"query-input\":\"required name=search_term_string\"}],\"inLanguage\":\"pt-BR\"},{\"@type\":\"ImageObject\",\"@id\":\"https:\/\/megag.com.br\/espaco-fornecedores\/contato\/sac\/#primaryimage\",\"inLanguage\":\"pt-BR\",\"url\":\"https:\/\/megag.com.br\/espaco-fornecedores\/wp-content\/uploads\/2015\/10\/representante.jpg\",\"contentUrl\":\"https:\/\/megag.com.br\/espaco-fornecedores\/wp-content\/uploads\/2015\/10\/representante.jpg\",\"width\":448,\"height\":352},{\"@type\":\"WebPage\",\"@id\":\"https:\/\/megag.com.br\/espaco-fornecedores\/contato\/sac\/#webpage\",\"url\":\"https:\/\/megag.com.br\/espaco-fornecedores\/contato\/sac\/\",\"name\":\"SAC - MegaG\",\"isPartOf\":{\"@id\":\"https:\/\/megag.com.br\/espaco-fornecedores\/#website\"},\"primaryImageOfPage\":{\"@id\":\"https:\/\/megag.com.br\/espaco-fornecedores\/contato\/sac\/#primaryimage\"},\"datePublished\":\"2015-10-26T07:18:12+00:00\",\"dateModified\":\"2016-01-29T20:10:18+00:00\",\"breadcrumb\":{\"@id\":\"https:\/\/megag.com.br\/espaco-fornecedores\/contato\/sac\/#breadcrumb\"},\"inLanguage\":\"pt-BR\",\"potentialAction\":[{\"@type\":\"ReadAction\",\"target\":[\"https:\/\/megag.com.br\/espaco-fornecedores\/contato\/sac\/\"]}]},{\"@type\":\"BreadcrumbList\",\"@id\":\"https:\/\/megag.com.br\/espaco-fornecedores\/contato\/sac\/#breadcrumb\",\"itemListElement\":[{\"@type\":\"ListItem\",\"position\":1,\"name\":\"In\\u00edcio\",\"item\":\"https:\/\/megag.com.br\/espaco-fornecedores\/\"},{\"@type\":\"ListItem\",\"position\":2,\"name\":\"Contato\",\"item\":\"https:\/\/megag.com.br\/espaco-fornecedores\/contato\/\"},{\"@type\":\"ListItem\",\"position\":3,\"name\":\"SAC\"}]}]}<\/script>\n<!-- \/ Yoast SEO plugin. -->","yoast_head_json":{"robots":{"index":"noindex","follow":"follow","max-snippet":"max-snippet:-1","max-image-preview":"max-image-preview:large","max-video-preview":"max-video-preview:-1"},"og_locale":"pt_BR","og_type":"article","og_title":"SAC - MegaG","og_description":"Nossa equipe preza pela qualidade em nossos atendimentos e por esse motivo disponibilizamos um servi\u00e7o de p\u00f3s-vendas, no qual \u00e9 poss\u00edvel solucionar problemas e sanar d\u00favidas sobre entregas ou produtos adquiridos na MegaG.","og_url":"https:\/\/megag.com.br\/espaco-fornecedores\/contato\/sac\/","og_site_name":"MegaG","article_modified_time":"2016-01-29T20:10:18+00:00","og_image":[{"width":448,"height":352,"url":"https:\/\/megag.com.br\/wp-content\/uploads\/2015\/10\/representante.jpg","path":"\/var\/www\/vhosts\/megag.com.br\/httpdocs\/wp-content\/uploads\/2015\/10\/representante.jpg","size":"full","id":21278,"alt":"","pixels":157696,"type":"image\/jpeg"}],"twitter_card":"summary_large_image","schema":{"@context":"https:\/\/schema.org","@graph":[{"@type":"WebSite","@id":"https:\/\/megag.com.br\/espaco-fornecedores\/#website","url":"https:\/\/megag.com.br\/espaco-fornecedores\/","name":"MegaG","description":"Distribuidora de Alimentos","potentialAction":[{"@type":"SearchAction","target":{"@type":"EntryPoint","urlTemplate":"https:\/\/megag.com.br\/espaco-fornecedores\/?s={search_term_string}"},"query-input":"required name=search_term_string"}],"inLanguage":"pt-BR"},{"@type":"ImageObject","@id":"https:\/\/megag.com.br\/espaco-fornecedores\/contato\/sac\/#primaryimage","inLanguage":"pt-BR","url":"https:\/\/megag.com.br\/espaco-fornecedores\/wp-content\/uploads\/2015\/10\/representante.jpg","contentUrl":"https:\/\/megag.com.br\/espaco-fornecedores\/wp-content\/uploads\/2015\/10\/representante.jpg","width":448,"height":352},{"@type":"WebPage","@id":"https:\/\/megag.com.br\/espaco-fornecedores\/contato\/sac\/#webpage","url":"https:\/\/megag.com.br\/espaco-fornecedores\/contato\/sac\/","name":"SAC - MegaG","isPartOf":{"@id":"https:\/\/megag.com.br\/espaco-fornecedores\/#website"},"primaryImageOfPage":{"@id":"https:\/\/megag.com.br\/espaco-fornecedores\/contato\/sac\/#primaryimage"},"datePublished":"2015-10-26T07:18:12+00:00","dateModified":"2016-01-29T20:10:18+00:00","breadcrumb":{"@id":"https:\/\/megag.com.br\/espaco-fornecedores\/contato\/sac\/#breadcrumb"},"inLanguage":"pt-BR","potentialAction":[{"@type":"ReadAction","target":["https:\/\/megag.com.br\/espaco-fornecedores\/contato\/sac\/"]}]},{"@type":"BreadcrumbList","@id":"https:\/\/megag.com.br\/espaco-fornecedores\/contato\/sac\/#breadcrumb","itemListElement":[{"@type":"ListItem","position":1,"name":"In\u00edcio","item":"https:\/\/megag.com.br\/espaco-fornecedores\/"},{"@type":"ListItem","position":2,"name":"Contato","item":"https:\/\/megag.com.br\/espaco-fornecedores\/contato\/"},{"@type":"ListItem","position":3,"name":"SAC"}]}]}},"_links":{"self":[{"href":"https:\/\/megag.com.br\/espaco-fornecedores\/wp-json\/wp\/v2\/pages\/21211"}],"collection":[{"href":"https:\/\/megag.com.br\/espaco-fornecedores\/wp-json\/wp\/v2\/pages"}],"about":[{"href":"https:\/\/megag.com.br\/espaco-fornecedores\/wp-json\/wp\/v2\/types\/page"}],"author":[{"embeddable":true,"href":"https:\/\/megag.com.br\/espaco-fornecedores\/wp-json\/wp\/v2\/users\/1"}],"replies":[{"embeddable":true,"href":"https:\/\/megag.com.br\/espaco-fornecedores\/wp-json\/wp\/v2\/comments?post=21211"}],"version-history":[{"count":0,"href":"https:\/\/megag.com.br\/espaco-fornecedores\/wp-json\/wp\/v2\/pages\/21211\/revisions"}],"up":[{"embeddable":true,"href":"https:\/\/megag.com.br\/espaco-fornecedores\/wp-json\/wp\/v2\/pages\/21189"}],"wp:featuredmedia":[{"embeddable":true,"href":"https:\/\/megag.com.br\/espaco-fornecedores\/wp-json\/wp\/v2\/media\/21278"}],"wp:attachment":[{"href":"https:\/\/megag.com.br\/espaco-fornecedores\/wp-json\/wp\/v2\/media?parent=21211"}],"curies":[{"name":"wp","href":"https:\/\/api.w.org\/{rel}","templated":true}]}}