{"id":86220,"date":"2020-04-18T13:27:52","date_gmt":"2020-04-18T16:27:52","guid":{"rendered":"http:\/\/megag.com.br\/?page_id=86220"},"modified":"2021-04-19T09:55:48","modified_gmt":"2021-04-19T12:55:48","slug":"acoes-sociais","status":"publish","type":"page","link":"https:\/\/megag.com.br\/espaco-fornecedores\/quem-somos\/acoes-sociais\/","title":{"rendered":"A\u00e7\u00f5es Sociais"},"content":{"rendered":"<h3>Nossos Projetos do Bem?<\/h3>\n<p>O Mega Expresso do Bem \u00e9 um projeto da MegaG Alimentos que anualmente busca parcerias e realiza doa\u00e7\u00f5es a institui\u00e7\u00f5es carentes. A ideia de fazer o bem surgiu em 2015 e desde ent\u00e3o, todos os anos desenha um futuro mais feliz e recheado de esperan\u00e7as a quem precisa.<br \/>\nSomos gratos por essa oportunidade e sabemos que grandes feitos come\u00e7am com pequenos atos, por isso n\u00e3o desistimos e continuamos firmes em nosso prop\u00f3sito.<\/p>\n<h3>O que \u00e9 a g10 favelas?<\/h3>\n<p>Consiste em um bloco de l\u00edderes e empreendedores de impacto social nas favelas, que assim como nos pa\u00edses ricos do G7, uniram for\u00e7as em prol do desenvolvimento econ\u00f4mico e social. Atuante em Parais\u00f3polis, Heli\u00f3polis e presente em mais de 300 favelas do Brasil, ajudam pessoas carentes residentes nessas comunidades.<\/p>\n<p><a href=\"https:\/\/megag.com.br\/wp-content\/uploads\/2021\/04\/g10-favelas.jpg\"><img loading=\"lazy\" class=\"aligncenter wp-image-96194 \" src=\"https:\/\/megag.com.br\/wp-content\/uploads\/2021\/04\/g10-favelas-1024x449.jpg\" alt=\"\" width=\"986\" height=\"432\" srcset=\"https:\/\/megag.com.br\/espaco-fornecedores\/wp-content\/uploads\/2021\/04\/g10-favelas-1024x449.jpg 1024w, https:\/\/megag.com.br\/espaco-fornecedores\/wp-content\/uploads\/2021\/04\/g10-favelas-300x132.jpg 300w, https:\/\/megag.com.br\/espaco-fornecedores\/wp-content\/uploads\/2021\/04\/g10-favelas-768x337.jpg 768w, https:\/\/megag.com.br\/espaco-fornecedores\/wp-content\/uploads\/2021\/04\/g10-favelas-1536x674.jpg 1536w, https:\/\/megag.com.br\/espaco-fornecedores\/wp-content\/uploads\/2021\/04\/g10-favelas.jpg 1859w\" sizes=\"(max-width: 986px) 100vw, 986px\" \/><\/a><\/p>\n<h3>O que eles precisam?<\/h3>\n<p>Doa\u00e7\u00e3o de alimentos, indica\u00e7\u00f5es e incentivos diversos, conhe\u00e7a mais no link:<\/p>\n<p>Como a MegaG e seus Parceiros podem ajudar?<br \/>\nNossa inten\u00e7\u00e3o \u00e9 alimentarmos centenas de fam\u00edlias que nesse momento enfrentam al\u00e9m dos problemas da pandemia, tamb\u00e9m a fome.<br \/>\nEstamos separando e arrecadando alimentos n\u00e3o perec\u00edveis e abrindo a possibilidade para que todos possam estar conosco nesse projeto, acreditando que dessa forma, teremos condi\u00e7\u00f5es de atingir mais pessoas.<br \/>\nNossas a\u00e7\u00f5es sociais sempre contam com a colabora\u00e7\u00e3o de amigos, fornecedores, clientes e funcion\u00e1rios. Nos unimos em prol de um \u00fanico objetivo, ajudar quem precisa.<\/p>\n<h3>Onde doar?<\/h3>\n<p>Voc\u00ea pode escolher a forma de ajuda que for mais pertinente a voc\u00ea, n\u00e3o existe quantidades ou determina\u00e7\u00f5es de tipo de alimentos. Cada um doa o que puder:<\/p>\n<p>Clientes, Funcion\u00e1rios e Colaboradores: Recebemos as doa\u00e7\u00f5es em nossos Retiras: Santo Amaro, VGP e Zona Leste, ou nas depend\u00eancias da nossa empresa.<\/p>\n<p>Para Fornecedores: Favor entrar em contato com o nosso Trade Marketing.<\/p>\n<p>G10 Favelas: Doa\u00e7\u00f5es diretamente ao g10 Favelas, acesse: <a href=\"https:\/\/bit.ly\/3tjXTJT\" target=\"_blank\" rel=\"noopener\">www.g10favelas.com.br <\/a>e saiba mais.<\/p>\n<p><strong>Queremos agradecer a todos que se interessaram e dizer que acreditamos muito que o nosso Mega Expresso do Bem 2021 ser\u00e1 como sempre, um grande sucesso. Obrigado!<\/strong><\/p>\n","protected":false},"excerpt":{"rendered":"<p>Nossos Projetos do Bem? O Mega Expresso do Bem \u00e9 um projeto da MegaG Alimentos que anualmente busca parcerias e realiza doa\u00e7\u00f5es a institui\u00e7\u00f5es carentes. A ideia de fazer o bem surgiu em 2015 e desde ent\u00e3o, todos os anos desenha um futuro mais feliz e recheado de esperan\u00e7as a quem precisa. Somos gratos por [&hellip;]<\/p>\n","protected":false},"author":101054,"featured_media":96188,"parent":2,"menu_order":0,"comment_status":"closed","ping_status":"closed","template":"page-acoes.php","meta":[],"yoast_head":"<!-- This site is optimized with the Yoast SEO plugin v17.0 - https:\/\/yoast.com\/wordpress\/plugins\/seo\/ -->\n<meta name=\"robots\" content=\"noindex, follow, max-snippet:-1, max-image-preview:large, max-video-preview:-1\" \/>\n<meta property=\"og:locale\" content=\"pt_BR\" \/>\n<meta property=\"og:type\" content=\"article\" \/>\n<meta property=\"og:title\" content=\"A\u00e7\u00f5es Sociais - MegaG\" \/>\n<meta property=\"og:description\" content=\"Nossos Projetos do Bem? O Mega Expresso do Bem \u00e9 um projeto da MegaG Alimentos que anualmente busca parcerias e realiza doa\u00e7\u00f5es a institui\u00e7\u00f5es carentes. A ideia de fazer o bem surgiu em 2015 e desde ent\u00e3o, todos os anos desenha um futuro mais feliz e recheado de esperan\u00e7as a quem precisa. Somos gratos por [&hellip;]\" \/>\n<meta property=\"og:url\" content=\"https:\/\/megag.com.br\/espaco-fornecedores\/quem-somos\/acoes-sociais\/\" \/>\n<meta property=\"og:site_name\" content=\"MegaG\" \/>\n<meta property=\"article:modified_time\" content=\"2021-04-19T12:55:48+00:00\" \/>\n<meta property=\"og:image\" content=\"https:\/\/megag.com.br\/wp-content\/uploads\/2021\/04\/banner-destaque-site-01-1.jpg\" \/>\n\t<meta property=\"og:image:width\" content=\"512\" \/>\n\t<meta property=\"og:image:height\" content=\"300\" \/>\n<meta name=\"twitter:card\" content=\"summary_large_image\" \/>\n<meta name=\"twitter:label1\" content=\"Est. tempo de leitura\" \/>\n\t<meta name=\"twitter:data1\" content=\"2 minutos\" \/>\n<script type=\"application\/ld+json\" class=\"yoast-schema-graph\">{\"@context\":\"https:\/\/schema.org\",\"@graph\":[{\"@type\":\"WebSite\",\"@id\":\"https:\/\/megag.com.br\/espaco-fornecedores\/#website\",\"url\":\"https:\/\/megag.com.br\/espaco-fornecedores\/\",\"name\":\"MegaG\",\"description\":\"Distribuidora de Alimentos\",\"potentialAction\":[{\"@type\":\"SearchAction\",\"target\":{\"@type\":\"EntryPoint\",\"urlTemplate\":\"https:\/\/megag.com.br\/espaco-fornecedores\/?s={search_term_string}\"},\"query-input\":\"required name=search_term_string\"}],\"inLanguage\":\"pt-BR\"},{\"@type\":\"ImageObject\",\"@id\":\"https:\/\/megag.com.br\/espaco-fornecedores\/quem-somos\/acoes-sociais\/#primaryimage\",\"inLanguage\":\"pt-BR\",\"url\":\"https:\/\/megag.com.br\/espaco-fornecedores\/wp-content\/uploads\/2021\/04\/banner-destaque-site-01-1.jpg\",\"contentUrl\":\"https:\/\/megag.com.br\/espaco-fornecedores\/wp-content\/uploads\/2021\/04\/banner-destaque-site-01-1.jpg\",\"width\":512,\"height\":300},{\"@type\":\"WebPage\",\"@id\":\"https:\/\/megag.com.br\/espaco-fornecedores\/quem-somos\/acoes-sociais\/#webpage\",\"url\":\"https:\/\/megag.com.br\/espaco-fornecedores\/quem-somos\/acoes-sociais\/\",\"name\":\"A\\u00e7\\u00f5es Sociais - MegaG\",\"isPartOf\":{\"@id\":\"https:\/\/megag.com.br\/espaco-fornecedores\/#website\"},\"primaryImageOfPage\":{\"@id\":\"https:\/\/megag.com.br\/espaco-fornecedores\/quem-somos\/acoes-sociais\/#primaryimage\"},\"datePublished\":\"2020-04-18T16:27:52+00:00\",\"dateModified\":\"2021-04-19T12:55:48+00:00\",\"breadcrumb\":{\"@id\":\"https:\/\/megag.com.br\/espaco-fornecedores\/quem-somos\/acoes-sociais\/#breadcrumb\"},\"inLanguage\":\"pt-BR\",\"potentialAction\":[{\"@type\":\"ReadAction\",\"target\":[\"https:\/\/megag.com.br\/espaco-fornecedores\/quem-somos\/acoes-sociais\/\"]}]},{\"@type\":\"BreadcrumbList\",\"@id\":\"https:\/\/megag.com.br\/espaco-fornecedores\/quem-somos\/acoes-sociais\/#breadcrumb\",\"itemListElement\":[{\"@type\":\"ListItem\",\"position\":1,\"name\":\"In\\u00edcio\",\"item\":\"https:\/\/megag.com.br\/espaco-fornecedores\/\"},{\"@type\":\"ListItem\",\"position\":2,\"name\":\"Empresa\",\"item\":\"https:\/\/megag.com.br\/espaco-fornecedores\/quem-somos\/\"},{\"@type\":\"ListItem\",\"position\":3,\"name\":\"A\\u00e7\\u00f5es Sociais\"}]}]}<\/script>\n<!-- \/ Yoast SEO plugin. -->","yoast_head_json":{"robots":{"index":"noindex","follow":"follow","max-snippet":"max-snippet:-1","max-image-preview":"max-image-preview:large","max-video-preview":"max-video-preview:-1"},"og_locale":"pt_BR","og_type":"article","og_title":"A\u00e7\u00f5es Sociais - MegaG","og_description":"Nossos Projetos do Bem? O Mega Expresso do Bem \u00e9 um projeto da MegaG Alimentos que anualmente busca parcerias e realiza doa\u00e7\u00f5es a institui\u00e7\u00f5es carentes. A ideia de fazer o bem surgiu em 2015 e desde ent\u00e3o, todos os anos desenha um futuro mais feliz e recheado de esperan\u00e7as a quem precisa. Somos gratos por [&hellip;]","og_url":"https:\/\/megag.com.br\/espaco-fornecedores\/quem-somos\/acoes-sociais\/","og_site_name":"MegaG","article_modified_time":"2021-04-19T12:55:48+00:00","og_image":[{"width":512,"height":300,"url":"https:\/\/megag.com.br\/wp-content\/uploads\/2021\/04\/banner-destaque-site-01-1.jpg","path":"\/var\/www\/vhosts\/megag.com.br\/httpdocs\/wp-content\/uploads\/2021\/04\/banner-destaque-site-01-1.jpg","size":"full","id":96188,"alt":"","pixels":153600,"type":"image\/jpeg"}],"twitter_card":"summary_large_image","twitter_misc":{"Est. tempo de leitura":"2 minutos"},"schema":{"@context":"https:\/\/schema.org","@graph":[{"@type":"WebSite","@id":"https:\/\/megag.com.br\/espaco-fornecedores\/#website","url":"https:\/\/megag.com.br\/espaco-fornecedores\/","name":"MegaG","description":"Distribuidora de Alimentos","potentialAction":[{"@type":"SearchAction","target":{"@type":"EntryPoint","urlTemplate":"https:\/\/megag.com.br\/espaco-fornecedores\/?s={search_term_string}"},"query-input":"required name=search_term_string"}],"inLanguage":"pt-BR"},{"@type":"ImageObject","@id":"https:\/\/megag.com.br\/espaco-fornecedores\/quem-somos\/acoes-sociais\/#primaryimage","inLanguage":"pt-BR","url":"https:\/\/megag.com.br\/espaco-fornecedores\/wp-content\/uploads\/2021\/04\/banner-destaque-site-01-1.jpg","contentUrl":"https:\/\/megag.com.br\/espaco-fornecedores\/wp-content\/uploads\/2021\/04\/banner-destaque-site-01-1.jpg","width":512,"height":300},{"@type":"WebPage","@id":"https:\/\/megag.com.br\/espaco-fornecedores\/quem-somos\/acoes-sociais\/#webpage","url":"https:\/\/megag.com.br\/espaco-fornecedores\/quem-somos\/acoes-sociais\/","name":"A\u00e7\u00f5es Sociais - MegaG","isPartOf":{"@id":"https:\/\/megag.com.br\/espaco-fornecedores\/#website"},"primaryImageOfPage":{"@id":"https:\/\/megag.com.br\/espaco-fornecedores\/quem-somos\/acoes-sociais\/#primaryimage"},"datePublished":"2020-04-18T16:27:52+00:00","dateModified":"2021-04-19T12:55:48+00:00","breadcrumb":{"@id":"https:\/\/megag.com.br\/espaco-fornecedores\/quem-somos\/acoes-sociais\/#breadcrumb"},"inLanguage":"pt-BR","potentialAction":[{"@type":"ReadAction","target":["https:\/\/megag.com.br\/espaco-fornecedores\/quem-somos\/acoes-sociais\/"]}]},{"@type":"BreadcrumbList","@id":"https:\/\/megag.com.br\/espaco-fornecedores\/quem-somos\/acoes-sociais\/#breadcrumb","itemListElement":[{"@type":"ListItem","position":1,"name":"In\u00edcio","item":"https:\/\/megag.com.br\/espaco-fornecedores\/"},{"@type":"ListItem","position":2,"name":"Empresa","item":"https:\/\/megag.com.br\/espaco-fornecedores\/quem-somos\/"},{"@type":"ListItem","position":3,"name":"A\u00e7\u00f5es Sociais"}]}]}},"_links":{"self":[{"href":"https:\/\/megag.com.br\/espaco-fornecedores\/wp-json\/wp\/v2\/pages\/86220"}],"collection":[{"href":"https:\/\/megag.com.br\/espaco-fornecedores\/wp-json\/wp\/v2\/pages"}],"about":[{"href":"https:\/\/megag.com.br\/espaco-fornecedores\/wp-json\/wp\/v2\/types\/page"}],"author":[{"embeddable":true,"href":"https:\/\/megag.com.br\/espaco-fornecedores\/wp-json\/wp\/v2\/users\/101054"}],"replies":[{"embeddable":true,"href":"https:\/\/megag.com.br\/espaco-fornecedores\/wp-json\/wp\/v2\/comments?post=86220"}],"version-history":[{"count":10,"href":"https:\/\/megag.com.br\/espaco-fornecedores\/wp-json\/wp\/v2\/pages\/86220\/revisions"}],"predecessor-version":[{"id":96254,"href":"https:\/\/megag.com.br\/espaco-fornecedores\/wp-json\/wp\/v2\/pages\/86220\/revisions\/96254"}],"up":[{"embeddable":true,"href":"https:\/\/megag.com.br\/espaco-fornecedores\/wp-json\/wp\/v2\/pages\/2"}],"wp:featuredmedia":[{"embeddable":true,"href":"https:\/\/megag.com.br\/espaco-fornecedores\/wp-json\/wp\/v2\/media\/96188"}],"wp:attachment":[{"href":"https:\/\/megag.com.br\/espaco-fornecedores\/wp-json\/wp\/v2\/media?parent=86220"}],"curies":[{"name":"wp","href":"https:\/\/api.w.org\/{rel}","templated":true}]}}