{"id":87938,"date":"2020-07-08T16:10:44","date_gmt":"2020-07-08T19:10:44","guid":{"rendered":"http:\/\/megag.com.br\/?page_id=87938"},"modified":"2021-08-25T16:12:29","modified_gmt":"2021-08-25T19:12:29","slug":"eventos-no-pdv","status":"publish","type":"page","link":"https:\/\/megag.com.br\/espaco-fornecedores\/eventos-no-pdv\/","title":{"rendered":"Eventos no PDV"},"content":{"rendered":"<p>No dia 27 de Agosto, teremos uma Mega Degusta\u00e7\u00e3o no Retira de Santo Amaro.<\/p>\n<p>Teremos uma degusta\u00e7\u00e3o de <strong>Doce de Leite com Cream Cheese no potinho<\/strong> feito com Doce de Leite <strong>Sabor de Minas <\/strong>e Cream Cheese<strong> Coronata, <\/strong>venha experimentar.<\/p>\n<p>Voc\u00ea que realiza compras em nosso retira, n\u00e3o deixe de participar dessa Mega A\u00e7\u00e3o.<\/p>\n","protected":false},"excerpt":{"rendered":"<p>No dia 27 de Agosto, teremos uma Mega Degusta\u00e7\u00e3o no Retira de Santo Amaro. Teremos uma degusta\u00e7\u00e3o de Doce de Leite com Cream Cheese no potinho feito com Doce de Leite Sabor de Minas e Cream Cheese Coronata, venha experimentar. Voc\u00ea que realiza compras em nosso retira, n\u00e3o deixe de participar dessa Mega A\u00e7\u00e3o.<\/p>\n","protected":false},"author":101054,"featured_media":103781,"parent":0,"menu_order":0,"comment_status":"closed","ping_status":"closed","template":"page-sorteios.php","meta":[],"yoast_head":"<!-- This site is optimized with the Yoast SEO plugin v17.0 - https:\/\/yoast.com\/wordpress\/plugins\/seo\/ -->\n<meta name=\"robots\" content=\"noindex, follow, max-snippet:-1, max-image-preview:large, max-video-preview:-1\" \/>\n<meta property=\"og:locale\" content=\"pt_BR\" \/>\n<meta property=\"og:type\" content=\"article\" \/>\n<meta property=\"og:title\" content=\"Eventos no PDV - MegaG\" \/>\n<meta property=\"og:description\" content=\"No dia 27 de Agosto, teremos uma Mega Degusta\u00e7\u00e3o no Retira de Santo Amaro. Teremos uma degusta\u00e7\u00e3o de Doce de Leite com Cream Cheese no potinho feito com Doce de Leite Sabor de Minas e Cream Cheese Coronata, venha experimentar. Voc\u00ea que realiza compras em nosso retira, n\u00e3o deixe de participar dessa Mega A\u00e7\u00e3o.\" \/>\n<meta property=\"og:url\" content=\"https:\/\/megag.com.br\/espaco-fornecedores\/eventos-no-pdv\/\" \/>\n<meta property=\"og:site_name\" content=\"MegaG\" \/>\n<meta property=\"article:modified_time\" content=\"2021-08-25T19:12:29+00:00\" \/>\n<meta property=\"og:image\" content=\"https:\/\/megag.com.br\/wp-content\/uploads\/2021\/08\/banner-pagina-degustacao-2.jpg\" \/>\n\t<meta property=\"og:image:width\" content=\"512\" \/>\n\t<meta property=\"og:image:height\" content=\"300\" \/>\n<meta name=\"twitter:card\" content=\"summary_large_image\" \/>\n<meta name=\"twitter:label1\" content=\"Est. tempo de leitura\" \/>\n\t<meta name=\"twitter:data1\" content=\"1 minuto\" \/>\n<script type=\"application\/ld+json\" class=\"yoast-schema-graph\">{\"@context\":\"https:\/\/schema.org\",\"@graph\":[{\"@type\":\"WebSite\",\"@id\":\"https:\/\/megag.com.br\/espaco-fornecedores\/#website\",\"url\":\"https:\/\/megag.com.br\/espaco-fornecedores\/\",\"name\":\"MegaG\",\"description\":\"Distribuidora de Alimentos\",\"potentialAction\":[{\"@type\":\"SearchAction\",\"target\":{\"@type\":\"EntryPoint\",\"urlTemplate\":\"https:\/\/megag.com.br\/espaco-fornecedores\/?s={search_term_string}\"},\"query-input\":\"required name=search_term_string\"}],\"inLanguage\":\"pt-BR\"},{\"@type\":\"ImageObject\",\"@id\":\"https:\/\/megag.com.br\/espaco-fornecedores\/eventos-no-pdv\/#primaryimage\",\"inLanguage\":\"pt-BR\",\"url\":\"https:\/\/megag.com.br\/espaco-fornecedores\/wp-content\/uploads\/2021\/08\/banner-pagina-degustacao-2.jpg\",\"contentUrl\":\"https:\/\/megag.com.br\/espaco-fornecedores\/wp-content\/uploads\/2021\/08\/banner-pagina-degustacao-2.jpg\",\"width\":512,\"height\":300},{\"@type\":\"WebPage\",\"@id\":\"https:\/\/megag.com.br\/espaco-fornecedores\/eventos-no-pdv\/#webpage\",\"url\":\"https:\/\/megag.com.br\/espaco-fornecedores\/eventos-no-pdv\/\",\"name\":\"Eventos no PDV - MegaG\",\"isPartOf\":{\"@id\":\"https:\/\/megag.com.br\/espaco-fornecedores\/#website\"},\"primaryImageOfPage\":{\"@id\":\"https:\/\/megag.com.br\/espaco-fornecedores\/eventos-no-pdv\/#primaryimage\"},\"datePublished\":\"2020-07-08T19:10:44+00:00\",\"dateModified\":\"2021-08-25T19:12:29+00:00\",\"breadcrumb\":{\"@id\":\"https:\/\/megag.com.br\/espaco-fornecedores\/eventos-no-pdv\/#breadcrumb\"},\"inLanguage\":\"pt-BR\",\"potentialAction\":[{\"@type\":\"ReadAction\",\"target\":[\"https:\/\/megag.com.br\/espaco-fornecedores\/eventos-no-pdv\/\"]}]},{\"@type\":\"BreadcrumbList\",\"@id\":\"https:\/\/megag.com.br\/espaco-fornecedores\/eventos-no-pdv\/#breadcrumb\",\"itemListElement\":[{\"@type\":\"ListItem\",\"position\":1,\"name\":\"In\\u00edcio\",\"item\":\"https:\/\/megag.com.br\/espaco-fornecedores\/\"},{\"@type\":\"ListItem\",\"position\":2,\"name\":\"Eventos no PDV\"}]}]}<\/script>\n<!-- \/ Yoast SEO plugin. -->","yoast_head_json":{"robots":{"index":"noindex","follow":"follow","max-snippet":"max-snippet:-1","max-image-preview":"max-image-preview:large","max-video-preview":"max-video-preview:-1"},"og_locale":"pt_BR","og_type":"article","og_title":"Eventos no PDV - MegaG","og_description":"No dia 27 de Agosto, teremos uma Mega Degusta\u00e7\u00e3o no Retira de Santo Amaro. Teremos uma degusta\u00e7\u00e3o de Doce de Leite com Cream Cheese no potinho feito com Doce de Leite Sabor de Minas e Cream Cheese Coronata, venha experimentar. Voc\u00ea que realiza compras em nosso retira, n\u00e3o deixe de participar dessa Mega A\u00e7\u00e3o.","og_url":"https:\/\/megag.com.br\/espaco-fornecedores\/eventos-no-pdv\/","og_site_name":"MegaG","article_modified_time":"2021-08-25T19:12:29+00:00","og_image":[{"width":512,"height":300,"url":"https:\/\/megag.com.br\/wp-content\/uploads\/2021\/08\/banner-pagina-degustacao-2.jpg","path":"\/var\/www\/vhosts\/megag.com.br\/httpdocs\/wp-content\/uploads\/2021\/08\/banner-pagina-degustacao-2.jpg","size":"full","id":103781,"alt":"","pixels":153600,"type":"image\/jpeg"}],"twitter_card":"summary_large_image","twitter_misc":{"Est. tempo de leitura":"1 minuto"},"schema":{"@context":"https:\/\/schema.org","@graph":[{"@type":"WebSite","@id":"https:\/\/megag.com.br\/espaco-fornecedores\/#website","url":"https:\/\/megag.com.br\/espaco-fornecedores\/","name":"MegaG","description":"Distribuidora de Alimentos","potentialAction":[{"@type":"SearchAction","target":{"@type":"EntryPoint","urlTemplate":"https:\/\/megag.com.br\/espaco-fornecedores\/?s={search_term_string}"},"query-input":"required name=search_term_string"}],"inLanguage":"pt-BR"},{"@type":"ImageObject","@id":"https:\/\/megag.com.br\/espaco-fornecedores\/eventos-no-pdv\/#primaryimage","inLanguage":"pt-BR","url":"https:\/\/megag.com.br\/espaco-fornecedores\/wp-content\/uploads\/2021\/08\/banner-pagina-degustacao-2.jpg","contentUrl":"https:\/\/megag.com.br\/espaco-fornecedores\/wp-content\/uploads\/2021\/08\/banner-pagina-degustacao-2.jpg","width":512,"height":300},{"@type":"WebPage","@id":"https:\/\/megag.com.br\/espaco-fornecedores\/eventos-no-pdv\/#webpage","url":"https:\/\/megag.com.br\/espaco-fornecedores\/eventos-no-pdv\/","name":"Eventos no PDV - MegaG","isPartOf":{"@id":"https:\/\/megag.com.br\/espaco-fornecedores\/#website"},"primaryImageOfPage":{"@id":"https:\/\/megag.com.br\/espaco-fornecedores\/eventos-no-pdv\/#primaryimage"},"datePublished":"2020-07-08T19:10:44+00:00","dateModified":"2021-08-25T19:12:29+00:00","breadcrumb":{"@id":"https:\/\/megag.com.br\/espaco-fornecedores\/eventos-no-pdv\/#breadcrumb"},"inLanguage":"pt-BR","potentialAction":[{"@type":"ReadAction","target":["https:\/\/megag.com.br\/espaco-fornecedores\/eventos-no-pdv\/"]}]},{"@type":"BreadcrumbList","@id":"https:\/\/megag.com.br\/espaco-fornecedores\/eventos-no-pdv\/#breadcrumb","itemListElement":[{"@type":"ListItem","position":1,"name":"In\u00edcio","item":"https:\/\/megag.com.br\/espaco-fornecedores\/"},{"@type":"ListItem","position":2,"name":"Eventos no PDV"}]}]}},"_links":{"self":[{"href":"https:\/\/megag.com.br\/espaco-fornecedores\/wp-json\/wp\/v2\/pages\/87938"}],"collection":[{"href":"https:\/\/megag.com.br\/espaco-fornecedores\/wp-json\/wp\/v2\/pages"}],"about":[{"href":"https:\/\/megag.com.br\/espaco-fornecedores\/wp-json\/wp\/v2\/types\/page"}],"author":[{"embeddable":true,"href":"https:\/\/megag.com.br\/espaco-fornecedores\/wp-json\/wp\/v2\/users\/101054"}],"replies":[{"embeddable":true,"href":"https:\/\/megag.com.br\/espaco-fornecedores\/wp-json\/wp\/v2\/comments?post=87938"}],"version-history":[{"count":43,"href":"https:\/\/megag.com.br\/espaco-fornecedores\/wp-json\/wp\/v2\/pages\/87938\/revisions"}],"predecessor-version":[{"id":103783,"href":"https:\/\/megag.com.br\/espaco-fornecedores\/wp-json\/wp\/v2\/pages\/87938\/revisions\/103783"}],"wp:featuredmedia":[{"embeddable":true,"href":"https:\/\/megag.com.br\/espaco-fornecedores\/wp-json\/wp\/v2\/media\/103781"}],"wp:attachment":[{"href":"https:\/\/megag.com.br\/espaco-fornecedores\/wp-json\/wp\/v2\/media?parent=87938"}],"curies":[{"name":"wp","href":"https:\/\/api.w.org\/{rel}","templated":true}]}}